{"id":328,"date":"2024-03-29T14:10:31","date_gmt":"2024-03-29T14:10:31","guid":{"rendered":"https:\/\/192.214.223.70:8800\/blog-projet\/?page_id=328"},"modified":"2024-06-14T13:19:37","modified_gmt":"2024-06-14T13:19:37","slug":"contact","status":"publish","type":"page","link":"https:\/\/cssno-lppcevenol.fr\/?page_id=328","title":{"rendered":"Contact"},"content":{"rendered":"\t\t<div data-elementor-type=\"wp-page\" data-elementor-id=\"328\" class=\"elementor elementor-328\">\n\t\t\t\t<div class=\"elementor-element elementor-element-6d64256 e-flex e-con-boxed e-con e-parent\" data-id=\"6d64256\" data-element_type=\"container\">\n\t\t\t\t\t<div class=\"e-con-inner\">\n\t\t<div class=\"elementor-element elementor-element-3c33b2b e-flex e-con-boxed e-con e-child\" data-id=\"3c33b2b\" data-element_type=\"container\">\n\t\t\t\t\t<div class=\"e-con-inner\">\n\t\t\t\t<div class=\"elementor-element elementor-element-cbac447 elementor-widget elementor-widget-wpforms\" data-id=\"cbac447\" data-element_type=\"widget\" data-widget_type=\"wpforms.default\">\n\t\t\t\t<div class=\"elementor-widget-container\">\n\t\t\t<style id=\"wpforms-css-vars-root\">\n\t\t\t\t:root {\n\t\t\t\t\t--wpforms-field-border-radius: 3px;\n--wpforms-field-border-style: solid;\n--wpforms-field-border-size: 1px;\n--wpforms-field-background-color: #ffffff;\n--wpforms-field-border-color: rgba( 0, 0, 0, 0.25 );\n--wpforms-field-border-color-spare: rgba( 0, 0, 0, 0.25 );\n--wpforms-field-text-color: rgba( 0, 0, 0, 0.7 );\n--wpforms-field-menu-color: #ffffff;\n--wpforms-label-color: rgba( 0, 0, 0, 0.85 );\n--wpforms-label-sublabel-color: rgba( 0, 0, 0, 0.55 );\n--wpforms-label-error-color: #d63637;\n--wpforms-button-border-radius: 3px;\n--wpforms-button-border-style: none;\n--wpforms-button-border-size: 1px;\n--wpforms-button-background-color: #066aab;\n--wpforms-button-border-color: #066aab;\n--wpforms-button-text-color: #ffffff;\n--wpforms-page-break-color: #066aab;\n--wpforms-background-image: none;\n--wpforms-background-position: center center;\n--wpforms-background-repeat: no-repeat;\n--wpforms-background-size: cover;\n--wpforms-background-width: 100px;\n--wpforms-background-height: 100px;\n--wpforms-background-color: rgba( 0, 0, 0, 0 );\n--wpforms-background-url: none;\n--wpforms-container-padding: 0px;\n--wpforms-container-border-style: none;\n--wpforms-container-border-width: 1px;\n--wpforms-container-border-color: #000000;\n--wpforms-container-border-radius: 3px;\n--wpforms-field-size-input-height: 43px;\n--wpforms-field-size-input-spacing: 15px;\n--wpforms-field-size-font-size: 16px;\n--wpforms-field-size-line-height: 19px;\n--wpforms-field-size-padding-h: 14px;\n--wpforms-field-size-checkbox-size: 16px;\n--wpforms-field-size-sublabel-spacing: 5px;\n--wpforms-field-size-icon-size: 1;\n--wpforms-label-size-font-size: 16px;\n--wpforms-label-size-line-height: 19px;\n--wpforms-label-size-sublabel-font-size: 14px;\n--wpforms-label-size-sublabel-line-height: 17px;\n--wpforms-button-size-font-size: 17px;\n--wpforms-button-size-height: 41px;\n--wpforms-button-size-padding-h: 15px;\n--wpforms-button-size-margin-top: 10px;\n--wpforms-container-shadow-size-box-shadow: none;\n\n\t\t\t\t}\n\t\t\t<\/style><style id=\"wpforms-css-vars-elementor-widget-cbac447\">\n\t\t\t\t.elementor-widget-wpforms.elementor-element-cbac447 {\n\t\t\t\t\t--wpforms-field-size-input-height: 43px;\n--wpforms-field-size-input-spacing: 15px;\n--wpforms-field-size-font-size: 16px;\n--wpforms-field-size-line-height: 19px;\n--wpforms-field-size-padding-h: 14px;\n--wpforms-field-size-checkbox-size: 16px;\n--wpforms-field-size-sublabel-spacing: 5px;\n--wpforms-field-size-icon-size: 1;\n--wpforms-label-size-font-size: 16px;\n--wpforms-label-size-line-height: 19px;\n--wpforms-label-size-sublabel-font-size: 14px;\n--wpforms-label-size-sublabel-line-height: 17px;\n--wpforms-button-size-font-size: 17px;\n--wpforms-button-size-height: 41px;\n--wpforms-button-size-padding-h: 15px;\n--wpforms-button-size-margin-top: 10px;\n\n\t\t\t\t}\n\t\t\t<\/style><div class=\"wpforms-container wpforms-container-full wpforms-render-modern\" id=\"wpforms-338\"><form id=\"wpforms-form-338\" class=\"wpforms-validate wpforms-form wpforms-ajax-form\" data-formid=\"338\" method=\"post\" enctype=\"multipart\/form-data\" action=\"\/index.php?rest_route=%2Fwp%2Fv2%2Fpages%2F328\" data-token=\"14bd4e4fa2b2281591e25276eea52201\" data-token-time=\"1776029748\"><noscript class=\"wpforms-error-noscript\">Veuillez activer JavaScript dans votre navigateur pour remplir ce formulaire.<\/noscript><div class=\"wpforms-hidden\" id=\"wpforms-error-noscript\">Veuillez activer JavaScript dans votre navigateur pour remplir ce formulaire.<\/div><div class=\"wpforms-field-container\"><div id=\"wpforms-338-field_0-container\" class=\"wpforms-field wpforms-field-name\" data-field-id=\"0\"><fieldset><legend class=\"wpforms-field-label\">Nom <span class=\"wpforms-required-label\" aria-hidden=\"true\">*<\/span><\/legend><div class=\"wpforms-field-row wpforms-field-medium\"><div class=\"wpforms-field-row-block wpforms-first wpforms-one-half\"><input type=\"text\" id=\"wpforms-338-field_0\" class=\"wpforms-field-name-first wpforms-field-required\" name=\"wpforms[fields][0][first]\" aria-errormessage=\"wpforms-338-field_0-error\" required><label for=\"wpforms-338-field_0\" class=\"wpforms-field-sublabel after\">Pr\u00e9nom<\/label><\/div><div class=\"wpforms-field-row-block wpforms-one-half\"><input type=\"text\" id=\"wpforms-338-field_0-last\" class=\"wpforms-field-name-last wpforms-field-required\" name=\"wpforms[fields][0][last]\" aria-errormessage=\"wpforms-338-field_0-last-error\" required><label for=\"wpforms-338-field_0-last\" class=\"wpforms-field-sublabel after\">Nom<\/label><\/div><\/div><\/fieldset><\/div><div id=\"wpforms-338-field_1-container\" class=\"wpforms-field wpforms-field-email\" data-field-id=\"1\"><label class=\"wpforms-field-label\" for=\"wpforms-338-field_1\">E-mail <span class=\"wpforms-required-label\" aria-hidden=\"true\">*<\/span><\/label><input type=\"email\" id=\"wpforms-338-field_1\" class=\"wpforms-field-medium wpforms-field-required\" name=\"wpforms[fields][1]\" spellcheck=\"false\" aria-errormessage=\"wpforms-338-field_1-error\" required><\/div><div id=\"wpforms-338-field_3-container\" class=\"wpforms-field wpforms-field-text\" data-field-id=\"3\"><label class=\"wpforms-field-label\" for=\"wpforms-338-field_3\">Num\u00e9ro de t\u00e9l\u00e9phone<\/label><input type=\"text\" id=\"wpforms-338-field_3\" class=\"wpforms-field-medium\" name=\"wpforms[fields][3]\" aria-errormessage=\"wpforms-338-field_3-error\" ><\/div><div id=\"wpforms-338-field_2-container\" class=\"wpforms-field wpforms-field-textarea\" data-field-id=\"2\"><label class=\"wpforms-field-label\" for=\"wpforms-338-field_2\">Commentaire ou message <span class=\"wpforms-required-label\" aria-hidden=\"true\">*<\/span><\/label><textarea id=\"wpforms-338-field_2\" class=\"wpforms-field-medium wpforms-field-required\" name=\"wpforms[fields][2]\" aria-errormessage=\"wpforms-338-field_2-error\" required><\/textarea><\/div><\/div><!-- .wpforms-field-container --><div class=\"wpforms-submit-container\" ><input type=\"hidden\" name=\"wpforms[id]\" value=\"338\"><input type=\"hidden\" name=\"page_title\" value=\"\"><input type=\"hidden\" name=\"page_url\" value=\"https:\/\/cssno-lppcevenol.fr\/index.php?rest_route=%2Fwp%2Fv2%2Fpages%2F328\"><button type=\"submit\" name=\"wpforms[submit]\" id=\"wpforms-submit-338\" class=\"wpforms-submit\" data-alt-text=\"Envoi...\" data-submit-text=\"Envoyer\" aria-live=\"assertive\" value=\"wpforms-submit\">Envoyer<\/button><img decoding=\"async\" src=\"https:\/\/cssno-lppcevenol.fr\/wp-content\/plugins\/wpforms-lite\/assets\/images\/submit-spin.svg\" class=\"wpforms-submit-spinner\" style=\"display: none;\" width=\"26\" height=\"26\" alt=\"Chargement en cours\"><\/div><\/form><\/div>  <!-- .wpforms-container -->\t\t<\/div>\n\t\t\t\t<\/div>\n\t\t\t\t\t<\/div>\n\t\t\t\t<\/div>\n\t\t\t\t\t<\/div>\n\t\t\t\t<\/div>\n\t\t\t\t<\/div>\n\t\t","protected":false},"excerpt":{"rendered":"<p>Veuillez activer JavaScript dans votre navigateur pour remplir ce formulaire.Veuillez activer JavaScript dans votre navigateur pour remplir ce formulaire. Nom * Pr\u00e9nomNom E-mail *Num\u00e9ro de t\u00e9l\u00e9phoneCommentaire ou message * Envoyer<\/p>\n","protected":false},"author":6,"featured_media":0,"parent":0,"menu_order":0,"comment_status":"closed","ping_status":"closed","template":"","meta":{"footnotes":""},"class_list":["post-328","page","type-page","status-publish","hentry"],"yoast_head":"<!-- This site is optimized with the Yoast SEO plugin v23.0 - https:\/\/yoast.com\/wordpress\/plugins\/seo\/ -->\n<title>Contact - Certificat de Sp\u00e9cialisation Services Num\u00e9riques aux Organisations<\/title>\n<meta name=\"robots\" content=\"index, follow, max-snippet:-1, max-image-preview:large, max-video-preview:-1\" \/>\n<link rel=\"canonical\" href=\"https:\/\/cssno-lppcevenol.fr\/?page_id=328\" \/>\n<meta property=\"og:locale\" content=\"fr_FR\" \/>\n<meta property=\"og:type\" content=\"article\" \/>\n<meta property=\"og:title\" content=\"Contact - Certificat de Sp\u00e9cialisation Services Num\u00e9riques aux Organisations\" \/>\n<meta property=\"og:description\" content=\"Veuillez activer JavaScript dans votre navigateur pour remplir ce formulaire.Veuillez activer JavaScript dans votre navigateur pour remplir ce formulaire. Nom * Pr\u00e9nomNom E-mail *Num\u00e9ro de t\u00e9l\u00e9phoneCommentaire ou message * Envoyer\" \/>\n<meta property=\"og:url\" content=\"https:\/\/cssno-lppcevenol.fr\/?page_id=328\" \/>\n<meta property=\"og:site_name\" content=\"Certificat de Sp\u00e9cialisation Services Num\u00e9riques aux Organisations\" \/>\n<meta property=\"article:publisher\" content=\"https:\/\/www.facebook.com\/profile.php?id=61551103654804\" \/>\n<meta property=\"article:modified_time\" content=\"2024-06-14T13:19:37+00:00\" \/>\n<meta property=\"og:image\" content=\"https:\/\/cssno-lppcevenol.fr\/wp-content\/plugins\/wpforms-lite\/assets\/images\/submit-spin.svg\" \/>\n<meta name=\"twitter:card\" content=\"summary_large_image\" \/>\n<script type=\"application\/ld+json\" class=\"yoast-schema-graph\">{\"@context\":\"https:\/\/schema.org\",\"@graph\":[{\"@type\":\"WebPage\",\"@id\":\"https:\/\/cssno-lppcevenol.fr\/?page_id=328\",\"url\":\"https:\/\/cssno-lppcevenol.fr\/?page_id=328\",\"name\":\"Contact - Certificat de Sp\u00e9cialisation Services Num\u00e9riques aux Organisations\",\"isPartOf\":{\"@id\":\"https:\/\/cssno-lppcevenol.fr\/#website\"},\"primaryImageOfPage\":{\"@id\":\"https:\/\/cssno-lppcevenol.fr\/?page_id=328#primaryimage\"},\"image\":{\"@id\":\"https:\/\/cssno-lppcevenol.fr\/?page_id=328#primaryimage\"},\"thumbnailUrl\":\"https:\/\/cssno-lppcevenol.fr\/wp-content\/plugins\/wpforms-lite\/assets\/images\/submit-spin.svg\",\"datePublished\":\"2024-03-29T14:10:31+00:00\",\"dateModified\":\"2024-06-14T13:19:37+00:00\",\"breadcrumb\":{\"@id\":\"https:\/\/cssno-lppcevenol.fr\/?page_id=328#breadcrumb\"},\"inLanguage\":\"fr-FR\",\"potentialAction\":[{\"@type\":\"ReadAction\",\"target\":[\"https:\/\/cssno-lppcevenol.fr\/?page_id=328\"]}]},{\"@type\":\"ImageObject\",\"inLanguage\":\"fr-FR\",\"@id\":\"https:\/\/cssno-lppcevenol.fr\/?page_id=328#primaryimage\",\"url\":\"https:\/\/cssno-lppcevenol.fr\/wp-content\/plugins\/wpforms-lite\/assets\/images\/submit-spin.svg\",\"contentUrl\":\"https:\/\/cssno-lppcevenol.fr\/wp-content\/plugins\/wpforms-lite\/assets\/images\/submit-spin.svg\"},{\"@type\":\"BreadcrumbList\",\"@id\":\"https:\/\/cssno-lppcevenol.fr\/?page_id=328#breadcrumb\",\"itemListElement\":[{\"@type\":\"ListItem\",\"position\":1,\"name\":\"Accueil\",\"item\":\"https:\/\/cssno-lppcevenol.fr\/\"},{\"@type\":\"ListItem\",\"position\":2,\"name\":\"Contact\"}]},{\"@type\":\"WebSite\",\"@id\":\"https:\/\/cssno-lppcevenol.fr\/#website\",\"url\":\"https:\/\/cssno-lppcevenol.fr\/\",\"name\":\"Certificat de Sp\u00e9cialisation Services Num\u00e9riques aux Organisations\",\"description\":\"\",\"publisher\":{\"@id\":\"https:\/\/cssno-lppcevenol.fr\/#organization\"},\"potentialAction\":[{\"@type\":\"SearchAction\",\"target\":{\"@type\":\"EntryPoint\",\"urlTemplate\":\"https:\/\/cssno-lppcevenol.fr\/?s={search_term_string}\"},\"query-input\":\"required name=search_term_string\"}],\"inLanguage\":\"fr-FR\"},{\"@type\":\"Organization\",\"@id\":\"https:\/\/cssno-lppcevenol.fr\/#organization\",\"name\":\"Certificat de Sp\u00e9cialisation Services Num\u00e9riques aux Organisations\",\"url\":\"https:\/\/cssno-lppcevenol.fr\/\",\"logo\":{\"@type\":\"ImageObject\",\"inLanguage\":\"fr-FR\",\"@id\":\"https:\/\/cssno-lppcevenol.fr\/#\/schema\/logo\/image\/\",\"url\":\"https:\/\/cssno-lppcevenol.fr\/wp-content\/uploads\/2024\/03\/380486491_122109115352036788_9032204069023199962_need.png\",\"contentUrl\":\"https:\/\/cssno-lppcevenol.fr\/wp-content\/uploads\/2024\/03\/380486491_122109115352036788_9032204069023199962_need.png\",\"width\":364,\"height\":375,\"caption\":\"Certificat de Sp\u00e9cialisation Services Num\u00e9riques aux Organisations\"},\"image\":{\"@id\":\"https:\/\/cssno-lppcevenol.fr\/#\/schema\/logo\/image\/\"},\"sameAs\":[\"https:\/\/www.facebook.com\/profile.php?id=61551103654804\"]}]}<\/script>\n<!-- \/ Yoast SEO plugin. -->","yoast_head_json":{"title":"Contact - Certificat de Sp\u00e9cialisation Services Num\u00e9riques aux Organisations","robots":{"index":"index","follow":"follow","max-snippet":"max-snippet:-1","max-image-preview":"max-image-preview:large","max-video-preview":"max-video-preview:-1"},"canonical":"https:\/\/cssno-lppcevenol.fr\/?page_id=328","og_locale":"fr_FR","og_type":"article","og_title":"Contact - Certificat de Sp\u00e9cialisation Services Num\u00e9riques aux Organisations","og_description":"Veuillez activer JavaScript dans votre navigateur pour remplir ce formulaire.Veuillez activer JavaScript dans votre navigateur pour remplir ce formulaire. Nom * Pr\u00e9nomNom E-mail *Num\u00e9ro de t\u00e9l\u00e9phoneCommentaire ou message * Envoyer","og_url":"https:\/\/cssno-lppcevenol.fr\/?page_id=328","og_site_name":"Certificat de Sp\u00e9cialisation Services Num\u00e9riques aux Organisations","article_publisher":"https:\/\/www.facebook.com\/profile.php?id=61551103654804","article_modified_time":"2024-06-14T13:19:37+00:00","og_image":[{"url":"https:\/\/cssno-lppcevenol.fr\/wp-content\/plugins\/wpforms-lite\/assets\/images\/submit-spin.svg"}],"twitter_card":"summary_large_image","schema":{"@context":"https:\/\/schema.org","@graph":[{"@type":"WebPage","@id":"https:\/\/cssno-lppcevenol.fr\/?page_id=328","url":"https:\/\/cssno-lppcevenol.fr\/?page_id=328","name":"Contact - Certificat de Sp\u00e9cialisation Services Num\u00e9riques aux Organisations","isPartOf":{"@id":"https:\/\/cssno-lppcevenol.fr\/#website"},"primaryImageOfPage":{"@id":"https:\/\/cssno-lppcevenol.fr\/?page_id=328#primaryimage"},"image":{"@id":"https:\/\/cssno-lppcevenol.fr\/?page_id=328#primaryimage"},"thumbnailUrl":"https:\/\/cssno-lppcevenol.fr\/wp-content\/plugins\/wpforms-lite\/assets\/images\/submit-spin.svg","datePublished":"2024-03-29T14:10:31+00:00","dateModified":"2024-06-14T13:19:37+00:00","breadcrumb":{"@id":"https:\/\/cssno-lppcevenol.fr\/?page_id=328#breadcrumb"},"inLanguage":"fr-FR","potentialAction":[{"@type":"ReadAction","target":["https:\/\/cssno-lppcevenol.fr\/?page_id=328"]}]},{"@type":"ImageObject","inLanguage":"fr-FR","@id":"https:\/\/cssno-lppcevenol.fr\/?page_id=328#primaryimage","url":"https:\/\/cssno-lppcevenol.fr\/wp-content\/plugins\/wpforms-lite\/assets\/images\/submit-spin.svg","contentUrl":"https:\/\/cssno-lppcevenol.fr\/wp-content\/plugins\/wpforms-lite\/assets\/images\/submit-spin.svg"},{"@type":"BreadcrumbList","@id":"https:\/\/cssno-lppcevenol.fr\/?page_id=328#breadcrumb","itemListElement":[{"@type":"ListItem","position":1,"name":"Accueil","item":"https:\/\/cssno-lppcevenol.fr\/"},{"@type":"ListItem","position":2,"name":"Contact"}]},{"@type":"WebSite","@id":"https:\/\/cssno-lppcevenol.fr\/#website","url":"https:\/\/cssno-lppcevenol.fr\/","name":"Certificat de Sp\u00e9cialisation Services Num\u00e9riques aux Organisations","description":"","publisher":{"@id":"https:\/\/cssno-lppcevenol.fr\/#organization"},"potentialAction":[{"@type":"SearchAction","target":{"@type":"EntryPoint","urlTemplate":"https:\/\/cssno-lppcevenol.fr\/?s={search_term_string}"},"query-input":"required name=search_term_string"}],"inLanguage":"fr-FR"},{"@type":"Organization","@id":"https:\/\/cssno-lppcevenol.fr\/#organization","name":"Certificat de Sp\u00e9cialisation Services Num\u00e9riques aux Organisations","url":"https:\/\/cssno-lppcevenol.fr\/","logo":{"@type":"ImageObject","inLanguage":"fr-FR","@id":"https:\/\/cssno-lppcevenol.fr\/#\/schema\/logo\/image\/","url":"https:\/\/cssno-lppcevenol.fr\/wp-content\/uploads\/2024\/03\/380486491_122109115352036788_9032204069023199962_need.png","contentUrl":"https:\/\/cssno-lppcevenol.fr\/wp-content\/uploads\/2024\/03\/380486491_122109115352036788_9032204069023199962_need.png","width":364,"height":375,"caption":"Certificat de Sp\u00e9cialisation Services Num\u00e9riques aux Organisations"},"image":{"@id":"https:\/\/cssno-lppcevenol.fr\/#\/schema\/logo\/image\/"},"sameAs":["https:\/\/www.facebook.com\/profile.php?id=61551103654804"]}]}},"_links":{"self":[{"href":"https:\/\/cssno-lppcevenol.fr\/index.php?rest_route=\/wp\/v2\/pages\/328","targetHints":{"allow":["GET"]}}],"collection":[{"href":"https:\/\/cssno-lppcevenol.fr\/index.php?rest_route=\/wp\/v2\/pages"}],"about":[{"href":"https:\/\/cssno-lppcevenol.fr\/index.php?rest_route=\/wp\/v2\/types\/page"}],"author":[{"embeddable":true,"href":"https:\/\/cssno-lppcevenol.fr\/index.php?rest_route=\/wp\/v2\/users\/6"}],"replies":[{"embeddable":true,"href":"https:\/\/cssno-lppcevenol.fr\/index.php?rest_route=%2Fwp%2Fv2%2Fcomments&post=328"}],"version-history":[{"count":25,"href":"https:\/\/cssno-lppcevenol.fr\/index.php?rest_route=\/wp\/v2\/pages\/328\/revisions"}],"predecessor-version":[{"id":728,"href":"https:\/\/cssno-lppcevenol.fr\/index.php?rest_route=\/wp\/v2\/pages\/328\/revisions\/728"}],"wp:attachment":[{"href":"https:\/\/cssno-lppcevenol.fr\/index.php?rest_route=%2Fwp%2Fv2%2Fmedia&parent=328"}],"curies":[{"name":"wp","href":"https:\/\/api.w.org\/{rel}","templated":true}]}}