{"id":438,"date":"2024-04-02T06:38:10","date_gmt":"2024-04-02T06:38:10","guid":{"rendered":"https:\/\/192.214.223.70:8800\/blog-projet\/?page_id=438"},"modified":"2024-06-14T13:26:32","modified_gmt":"2024-06-14T13:26:32","slug":"lequipe-pedagogique","status":"publish","type":"page","link":"https:\/\/cssno-lppcevenol.fr\/?page_id=438","title":{"rendered":"L&rsquo;\u00e9quipe P\u00e9dagogique"},"content":{"rendered":"\t\t<div data-elementor-type=\"wp-page\" data-elementor-id=\"438\" class=\"elementor elementor-438\">\n\t\t\t\t<div class=\"elementor-element elementor-element-4c650b1 e-flex e-con-boxed e-con e-parent\" data-id=\"4c650b1\" data-element_type=\"container\">\n\t\t\t\t\t<div class=\"e-con-inner\">\n\t\t\t\t<div class=\"elementor-element elementor-element-ee8627c elementor-widget elementor-widget-spacer\" data-id=\"ee8627c\" data-element_type=\"widget\" data-widget_type=\"spacer.default\">\n\t\t\t\t<div class=\"elementor-widget-container\">\n\t\t\t\t\t<div class=\"elementor-spacer\">\n\t\t\t<div class=\"elementor-spacer-inner\"><\/div>\n\t\t<\/div>\n\t\t\t\t<\/div>\n\t\t\t\t<\/div>\n\t\t\t\t\t<\/div>\n\t\t\t\t<\/div>\n\t\t<div class=\"elementor-element elementor-element-0d07f44 animated-slow e-flex e-con-boxed elementor-invisible e-con e-parent\" data-id=\"0d07f44\" data-element_type=\"container\" data-settings=\"{&quot;animation&quot;:&quot;bounceInRight&quot;}\">\n\t\t\t\t\t<div class=\"e-con-inner\">\n\t\t<div class=\"elementor-element elementor-element-769f400 e-con-full e-flex e-con e-child\" data-id=\"769f400\" data-element_type=\"container\">\n\t\t\t\t<div class=\"elementor-element elementor-element-e0f0ed8 elementor-widget elementor-widget-spacer\" data-id=\"e0f0ed8\" data-element_type=\"widget\" data-widget_type=\"spacer.default\">\n\t\t\t\t<div class=\"elementor-widget-container\">\n\t\t\t\t\t<div class=\"elementor-spacer\">\n\t\t\t<div class=\"elementor-spacer-inner\"><\/div>\n\t\t<\/div>\n\t\t\t\t<\/div>\n\t\t\t\t<\/div>\n\t\t\t\t<div class=\"elementor-element elementor-element-bcb4aea elementor-widget elementor-widget-text-editor\" data-id=\"bcb4aea\" data-element_type=\"widget\" data-widget_type=\"text-editor.default\">\n\t\t\t\t<div class=\"elementor-widget-container\">\n\t\t\t\t\t\t\t<p>Plongez au c\u0153ur de notre communaut\u00e9 \u00e9ducative o\u00f9 nos enseignants d\u00e9dient leur expertise et leur passion \u00e0 chaque \u00e9tudiant, fa\u00e7onnant ainsi les portes vers un avenir rempli de possibilit\u00e9s infinies.<\/p>\t\t\t\t\t\t<\/div>\n\t\t\t\t<\/div>\n\t\t\t\t<\/div>\n\t\t<div class=\"elementor-element elementor-element-7d180ed e-con-full e-flex e-con e-child\" data-id=\"7d180ed\" data-element_type=\"container\">\n\t\t\t\t<div class=\"elementor-element elementor-element-f057eb4 elementor-widget__width-initial elementor-widget elementor-widget-image\" data-id=\"f057eb4\" data-element_type=\"widget\" data-widget_type=\"image.default\">\n\t\t\t\t<div class=\"elementor-widget-container\">\n\t\t\t\t\t\t\t\t\t\t\t\t\t<img fetchpriority=\"high\" decoding=\"async\" width=\"300\" height=\"300\" src=\"https:\/\/cssno-lppcevenol.fr\/wp-content\/uploads\/2024\/04\/IMG-20231222-WA0076-300x300.webp\" class=\"attachment-medium size-medium wp-image-446\" alt=\"\" srcset=\"https:\/\/cssno-lppcevenol.fr\/wp-content\/uploads\/2024\/04\/IMG-20231222-WA0076-300x300.webp 300w, https:\/\/cssno-lppcevenol.fr\/wp-content\/uploads\/2024\/04\/IMG-20231222-WA0076-150x150.webp 150w, https:\/\/cssno-lppcevenol.fr\/wp-content\/uploads\/2024\/04\/IMG-20231222-WA0076.webp 602w\" sizes=\"(max-width: 300px) 100vw, 300px\" \/>\t\t\t\t\t\t\t\t\t\t\t\t\t<\/div>\n\t\t\t\t<\/div>\n\t\t\t\t<\/div>\n\t\t\t\t\t<\/div>\n\t\t\t\t<\/div>\n\t\t<div class=\"elementor-element elementor-element-4401f1f e-flex e-con-boxed e-con e-parent\" data-id=\"4401f1f\" data-element_type=\"container\">\n\t\t\t\t\t<div class=\"e-con-inner\">\n\t\t\t\t<div class=\"elementor-element elementor-element-36e2547 elementor-widget elementor-widget-spacer\" data-id=\"36e2547\" data-element_type=\"widget\" data-widget_type=\"spacer.default\">\n\t\t\t\t<div class=\"elementor-widget-container\">\n\t\t\t\t\t<div class=\"elementor-spacer\">\n\t\t\t<div class=\"elementor-spacer-inner\"><\/div>\n\t\t<\/div>\n\t\t\t\t<\/div>\n\t\t\t\t<\/div>\n\t\t\t\t\t<\/div>\n\t\t\t\t<\/div>\n\t\t<div class=\"elementor-element elementor-element-85e3645 animated-slow e-flex e-con-boxed elementor-invisible e-con e-parent\" data-id=\"85e3645\" data-element_type=\"container\" data-settings=\"{&quot;animation&quot;:&quot;fadeIn&quot;}\">\n\t\t\t\t\t<div class=\"e-con-inner\">\n\t\t<div class=\"elementor-element elementor-element-58cbaa1 e-flex e-con-boxed e-con e-child\" data-id=\"58cbaa1\" data-element_type=\"container\">\n\t\t\t\t\t<div class=\"e-con-inner\">\n\t\t<div class=\"elementor-element elementor-element-6b0555c e-con-full e-flex e-con e-child\" data-id=\"6b0555c\" data-element_type=\"container\">\n\t\t\t\t<div class=\"elementor-element elementor-element-e17f1ba elementor-widget__width-initial elementor-widget elementor-widget-image\" data-id=\"e17f1ba\" data-element_type=\"widget\" data-widget_type=\"image.default\">\n\t\t\t\t<div class=\"elementor-widget-container\">\n\t\t\t\t\t\t\t\t\t\t\t\t\t<img decoding=\"async\" width=\"443\" height=\"772\" src=\"https:\/\/cssno-lppcevenol.fr\/wp-content\/uploads\/2024\/04\/rodeo-14.png\" class=\"attachment-full size-full wp-image-575\" alt=\"\" srcset=\"https:\/\/cssno-lppcevenol.fr\/wp-content\/uploads\/2024\/04\/rodeo-14.png 443w, https:\/\/cssno-lppcevenol.fr\/wp-content\/uploads\/2024\/04\/rodeo-14-172x300.png 172w\" sizes=\"(max-width: 443px) 100vw, 443px\" \/>\t\t\t\t\t\t\t\t\t\t\t\t\t<\/div>\n\t\t\t\t<\/div>\n\t\t\t\t<div class=\"elementor-element elementor-element-fadf3ee elementor-widget__width-initial elementor-widget elementor-widget-image\" data-id=\"fadf3ee\" data-element_type=\"widget\" data-widget_type=\"image.default\">\n\t\t\t\t<div class=\"elementor-widget-container\">\n\t\t\t\t\t\t\t\t\t\t\t\t\t<img decoding=\"async\" width=\"443\" height=\"772\" src=\"https:\/\/cssno-lppcevenol.fr\/wp-content\/uploads\/2024\/04\/rodeo-13.png\" class=\"attachment-full size-full wp-image-573\" alt=\"\" srcset=\"https:\/\/cssno-lppcevenol.fr\/wp-content\/uploads\/2024\/04\/rodeo-13.png 443w, https:\/\/cssno-lppcevenol.fr\/wp-content\/uploads\/2024\/04\/rodeo-13-172x300.png 172w\" sizes=\"(max-width: 443px) 100vw, 443px\" \/>\t\t\t\t\t\t\t\t\t\t\t\t\t<\/div>\n\t\t\t\t<\/div>\n\t\t\t\t<div class=\"elementor-element elementor-element-f7772dd elementor-widget__width-initial elementor-widget elementor-widget-image\" data-id=\"f7772dd\" data-element_type=\"widget\" data-widget_type=\"image.default\">\n\t\t\t\t<div class=\"elementor-widget-container\">\n\t\t\t\t\t\t\t\t\t\t\t\t\t<img loading=\"lazy\" decoding=\"async\" width=\"443\" height=\"772\" src=\"https:\/\/cssno-lppcevenol.fr\/wp-content\/uploads\/2024\/04\/rodeo-15.png\" class=\"attachment-full size-full wp-image-576\" alt=\"\" srcset=\"https:\/\/cssno-lppcevenol.fr\/wp-content\/uploads\/2024\/04\/rodeo-15.png 443w, https:\/\/cssno-lppcevenol.fr\/wp-content\/uploads\/2024\/04\/rodeo-15-172x300.png 172w\" sizes=\"(max-width: 443px) 100vw, 443px\" \/>\t\t\t\t\t\t\t\t\t\t\t\t\t<\/div>\n\t\t\t\t<\/div>\n\t\t\t\t<\/div>\n\t\t\t\t\t<\/div>\n\t\t\t\t<\/div>\n\t\t\t\t\t<\/div>\n\t\t\t\t<\/div>\n\t\t<div class=\"elementor-element elementor-element-e7f729f animated-slow e-flex e-con-boxed elementor-invisible e-con e-parent\" data-id=\"e7f729f\" data-element_type=\"container\" data-settings=\"{&quot;animation&quot;:&quot;fadeIn&quot;}\">\n\t\t\t\t\t<div class=\"e-con-inner\">\n\t\t<div class=\"elementor-element elementor-element-923f87c e-con-full e-flex e-con e-child\" data-id=\"923f87c\" data-element_type=\"container\">\n\t\t\t\t<div class=\"elementor-element elementor-element-95be492 elementor-widget__width-initial elementor-widget elementor-widget-image\" data-id=\"95be492\" data-element_type=\"widget\" data-widget_type=\"image.default\">\n\t\t\t\t<div class=\"elementor-widget-container\">\n\t\t\t\t\t\t\t\t\t\t\t\t\t<img loading=\"lazy\" decoding=\"async\" width=\"443\" height=\"772\" src=\"https:\/\/cssno-lppcevenol.fr\/wp-content\/uploads\/2024\/04\/rodeo-16.png\" class=\"attachment-full size-full wp-image-577\" alt=\"\" srcset=\"https:\/\/cssno-lppcevenol.fr\/wp-content\/uploads\/2024\/04\/rodeo-16.png 443w, https:\/\/cssno-lppcevenol.fr\/wp-content\/uploads\/2024\/04\/rodeo-16-172x300.png 172w\" sizes=\"(max-width: 443px) 100vw, 443px\" \/>\t\t\t\t\t\t\t\t\t\t\t\t\t<\/div>\n\t\t\t\t<\/div>\n\t\t\t\t<div class=\"elementor-element elementor-element-29809e5 elementor-widget__width-initial elementor-widget elementor-widget-image\" data-id=\"29809e5\" data-element_type=\"widget\" data-widget_type=\"image.default\">\n\t\t\t\t<div class=\"elementor-widget-container\">\n\t\t\t\t\t\t\t\t\t\t\t\t\t<img loading=\"lazy\" decoding=\"async\" width=\"443\" height=\"772\" src=\"https:\/\/cssno-lppcevenol.fr\/wp-content\/uploads\/2024\/04\/rodeo-18.png\" class=\"attachment-full size-full wp-image-582\" alt=\"\" srcset=\"https:\/\/cssno-lppcevenol.fr\/wp-content\/uploads\/2024\/04\/rodeo-18.png 443w, https:\/\/cssno-lppcevenol.fr\/wp-content\/uploads\/2024\/04\/rodeo-18-172x300.png 172w\" sizes=\"(max-width: 443px) 100vw, 443px\" \/>\t\t\t\t\t\t\t\t\t\t\t\t\t<\/div>\n\t\t\t\t<\/div>\n\t\t\t\t<div class=\"elementor-element elementor-element-7650956 elementor-widget__width-initial elementor-widget elementor-widget-image\" data-id=\"7650956\" data-element_type=\"widget\" data-widget_type=\"image.default\">\n\t\t\t\t<div class=\"elementor-widget-container\">\n\t\t\t\t\t\t\t\t\t\t\t\t\t<img loading=\"lazy\" decoding=\"async\" width=\"443\" height=\"772\" src=\"https:\/\/cssno-lppcevenol.fr\/wp-content\/uploads\/2024\/04\/rodeo-2.png\" class=\"attachment-full size-full wp-image-462\" alt=\"\" srcset=\"https:\/\/cssno-lppcevenol.fr\/wp-content\/uploads\/2024\/04\/rodeo-2.png 443w, https:\/\/cssno-lppcevenol.fr\/wp-content\/uploads\/2024\/04\/rodeo-2-172x300.png 172w\" sizes=\"(max-width: 443px) 100vw, 443px\" \/>\t\t\t\t\t\t\t\t\t\t\t\t\t<\/div>\n\t\t\t\t<\/div>\n\t\t\t\t<\/div>\n\t\t\t\t\t<\/div>\n\t\t\t\t<\/div>\n\t\t<div class=\"elementor-element elementor-element-f8d581f e-flex e-con-boxed e-con e-parent\" data-id=\"f8d581f\" data-element_type=\"container\">\n\t\t\t\t\t<div class=\"e-con-inner\">\n\t\t\t\t<div class=\"elementor-element elementor-element-395aeda elementor-widget elementor-widget-spacer\" data-id=\"395aeda\" data-element_type=\"widget\" data-widget_type=\"spacer.default\">\n\t\t\t\t<div class=\"elementor-widget-container\">\n\t\t\t\t\t<div class=\"elementor-spacer\">\n\t\t\t<div class=\"elementor-spacer-inner\"><\/div>\n\t\t<\/div>\n\t\t\t\t<\/div>\n\t\t\t\t<\/div>\n\t\t\t\t\t<\/div>\n\t\t\t\t<\/div>\n\t\t\t\t<\/div>\n\t\t","protected":false},"excerpt":{"rendered":"<p>Plongez au c\u0153ur de notre communaut\u00e9 \u00e9ducative o\u00f9 nos enseignants d\u00e9dient leur expertise et leur passion \u00e0 chaque \u00e9tudiant, fa\u00e7onnant ainsi les portes vers un avenir rempli de possibilit\u00e9s infinies.<\/p>\n","protected":false},"author":5,"featured_media":0,"parent":0,"menu_order":0,"comment_status":"closed","ping_status":"closed","template":"","meta":{"footnotes":""},"class_list":["post-438","page","type-page","status-publish","hentry"],"yoast_head":"<!-- This site is optimized with the Yoast SEO plugin v23.0 - https:\/\/yoast.com\/wordpress\/plugins\/seo\/ -->\n<title>L&#039;\u00e9quipe P\u00e9dagogique - Certificat de Sp\u00e9cialisation Services Num\u00e9riques aux Organisations<\/title>\n<meta name=\"robots\" content=\"index, follow, max-snippet:-1, max-image-preview:large, max-video-preview:-1\" \/>\n<link rel=\"canonical\" href=\"https:\/\/cssno-lppcevenol.fr\/?page_id=438\" \/>\n<meta property=\"og:locale\" content=\"fr_FR\" \/>\n<meta property=\"og:type\" content=\"article\" \/>\n<meta property=\"og:title\" content=\"L&#039;\u00e9quipe P\u00e9dagogique - Certificat de Sp\u00e9cialisation Services Num\u00e9riques aux Organisations\" \/>\n<meta property=\"og:description\" content=\"Plongez au c\u0153ur de notre communaut\u00e9 \u00e9ducative o\u00f9 nos enseignants d\u00e9dient leur expertise et leur passion \u00e0 chaque \u00e9tudiant, fa\u00e7onnant ainsi les portes vers un avenir rempli de possibilit\u00e9s infinies.\" \/>\n<meta property=\"og:url\" content=\"https:\/\/cssno-lppcevenol.fr\/?page_id=438\" \/>\n<meta property=\"og:site_name\" content=\"Certificat de Sp\u00e9cialisation Services Num\u00e9riques aux Organisations\" \/>\n<meta property=\"article:publisher\" content=\"https:\/\/www.facebook.com\/profile.php?id=61551103654804\" \/>\n<meta property=\"article:modified_time\" content=\"2024-06-14T13:26:32+00:00\" \/>\n<meta property=\"og:image\" content=\"https:\/\/cssno-lppcevenol.fr\/wp-content\/uploads\/2024\/04\/IMG-20231222-WA0076-300x300.webp\" \/>\n<meta name=\"twitter:card\" content=\"summary_large_image\" \/>\n<script type=\"application\/ld+json\" class=\"yoast-schema-graph\">{\"@context\":\"https:\/\/schema.org\",\"@graph\":[{\"@type\":\"WebPage\",\"@id\":\"https:\/\/cssno-lppcevenol.fr\/?page_id=438\",\"url\":\"https:\/\/cssno-lppcevenol.fr\/?page_id=438\",\"name\":\"L'\u00e9quipe P\u00e9dagogique - Certificat de Sp\u00e9cialisation Services Num\u00e9riques aux Organisations\",\"isPartOf\":{\"@id\":\"https:\/\/cssno-lppcevenol.fr\/#website\"},\"primaryImageOfPage\":{\"@id\":\"https:\/\/cssno-lppcevenol.fr\/?page_id=438#primaryimage\"},\"image\":{\"@id\":\"https:\/\/cssno-lppcevenol.fr\/?page_id=438#primaryimage\"},\"thumbnailUrl\":\"https:\/\/cssno-lppcevenol.fr\/wp-content\/uploads\/2024\/04\/IMG-20231222-WA0076-300x300.webp\",\"datePublished\":\"2024-04-02T06:38:10+00:00\",\"dateModified\":\"2024-06-14T13:26:32+00:00\",\"breadcrumb\":{\"@id\":\"https:\/\/cssno-lppcevenol.fr\/?page_id=438#breadcrumb\"},\"inLanguage\":\"fr-FR\",\"potentialAction\":[{\"@type\":\"ReadAction\",\"target\":[\"https:\/\/cssno-lppcevenol.fr\/?page_id=438\"]}]},{\"@type\":\"ImageObject\",\"inLanguage\":\"fr-FR\",\"@id\":\"https:\/\/cssno-lppcevenol.fr\/?page_id=438#primaryimage\",\"url\":\"https:\/\/cssno-lppcevenol.fr\/wp-content\/uploads\/2024\/04\/IMG-20231222-WA0076.webp\",\"contentUrl\":\"https:\/\/cssno-lppcevenol.fr\/wp-content\/uploads\/2024\/04\/IMG-20231222-WA0076.webp\",\"width\":602,\"height\":602},{\"@type\":\"BreadcrumbList\",\"@id\":\"https:\/\/cssno-lppcevenol.fr\/?page_id=438#breadcrumb\",\"itemListElement\":[{\"@type\":\"ListItem\",\"position\":1,\"name\":\"Accueil\",\"item\":\"https:\/\/cssno-lppcevenol.fr\/\"},{\"@type\":\"ListItem\",\"position\":2,\"name\":\"L&rsquo;\u00e9quipe P\u00e9dagogique\"}]},{\"@type\":\"WebSite\",\"@id\":\"https:\/\/cssno-lppcevenol.fr\/#website\",\"url\":\"https:\/\/cssno-lppcevenol.fr\/\",\"name\":\"Certificat de Sp\u00e9cialisation Services Num\u00e9riques aux Organisations\",\"description\":\"\",\"publisher\":{\"@id\":\"https:\/\/cssno-lppcevenol.fr\/#organization\"},\"potentialAction\":[{\"@type\":\"SearchAction\",\"target\":{\"@type\":\"EntryPoint\",\"urlTemplate\":\"https:\/\/cssno-lppcevenol.fr\/?s={search_term_string}\"},\"query-input\":\"required name=search_term_string\"}],\"inLanguage\":\"fr-FR\"},{\"@type\":\"Organization\",\"@id\":\"https:\/\/cssno-lppcevenol.fr\/#organization\",\"name\":\"Certificat de Sp\u00e9cialisation Services Num\u00e9riques aux Organisations\",\"url\":\"https:\/\/cssno-lppcevenol.fr\/\",\"logo\":{\"@type\":\"ImageObject\",\"inLanguage\":\"fr-FR\",\"@id\":\"https:\/\/cssno-lppcevenol.fr\/#\/schema\/logo\/image\/\",\"url\":\"https:\/\/cssno-lppcevenol.fr\/wp-content\/uploads\/2024\/03\/380486491_122109115352036788_9032204069023199962_need.png\",\"contentUrl\":\"https:\/\/cssno-lppcevenol.fr\/wp-content\/uploads\/2024\/03\/380486491_122109115352036788_9032204069023199962_need.png\",\"width\":364,\"height\":375,\"caption\":\"Certificat de Sp\u00e9cialisation Services Num\u00e9riques aux Organisations\"},\"image\":{\"@id\":\"https:\/\/cssno-lppcevenol.fr\/#\/schema\/logo\/image\/\"},\"sameAs\":[\"https:\/\/www.facebook.com\/profile.php?id=61551103654804\"]}]}<\/script>\n<!-- \/ Yoast SEO plugin. -->","yoast_head_json":{"title":"L'\u00e9quipe P\u00e9dagogique - Certificat de Sp\u00e9cialisation Services Num\u00e9riques aux Organisations","robots":{"index":"index","follow":"follow","max-snippet":"max-snippet:-1","max-image-preview":"max-image-preview:large","max-video-preview":"max-video-preview:-1"},"canonical":"https:\/\/cssno-lppcevenol.fr\/?page_id=438","og_locale":"fr_FR","og_type":"article","og_title":"L'\u00e9quipe P\u00e9dagogique - Certificat de Sp\u00e9cialisation Services Num\u00e9riques aux Organisations","og_description":"Plongez au c\u0153ur de notre communaut\u00e9 \u00e9ducative o\u00f9 nos enseignants d\u00e9dient leur expertise et leur passion \u00e0 chaque \u00e9tudiant, fa\u00e7onnant ainsi les portes vers un avenir rempli de possibilit\u00e9s infinies.","og_url":"https:\/\/cssno-lppcevenol.fr\/?page_id=438","og_site_name":"Certificat de Sp\u00e9cialisation Services Num\u00e9riques aux Organisations","article_publisher":"https:\/\/www.facebook.com\/profile.php?id=61551103654804","article_modified_time":"2024-06-14T13:26:32+00:00","og_image":[{"url":"https:\/\/cssno-lppcevenol.fr\/wp-content\/uploads\/2024\/04\/IMG-20231222-WA0076-300x300.webp"}],"twitter_card":"summary_large_image","schema":{"@context":"https:\/\/schema.org","@graph":[{"@type":"WebPage","@id":"https:\/\/cssno-lppcevenol.fr\/?page_id=438","url":"https:\/\/cssno-lppcevenol.fr\/?page_id=438","name":"L'\u00e9quipe P\u00e9dagogique - Certificat de Sp\u00e9cialisation Services Num\u00e9riques aux Organisations","isPartOf":{"@id":"https:\/\/cssno-lppcevenol.fr\/#website"},"primaryImageOfPage":{"@id":"https:\/\/cssno-lppcevenol.fr\/?page_id=438#primaryimage"},"image":{"@id":"https:\/\/cssno-lppcevenol.fr\/?page_id=438#primaryimage"},"thumbnailUrl":"https:\/\/cssno-lppcevenol.fr\/wp-content\/uploads\/2024\/04\/IMG-20231222-WA0076-300x300.webp","datePublished":"2024-04-02T06:38:10+00:00","dateModified":"2024-06-14T13:26:32+00:00","breadcrumb":{"@id":"https:\/\/cssno-lppcevenol.fr\/?page_id=438#breadcrumb"},"inLanguage":"fr-FR","potentialAction":[{"@type":"ReadAction","target":["https:\/\/cssno-lppcevenol.fr\/?page_id=438"]}]},{"@type":"ImageObject","inLanguage":"fr-FR","@id":"https:\/\/cssno-lppcevenol.fr\/?page_id=438#primaryimage","url":"https:\/\/cssno-lppcevenol.fr\/wp-content\/uploads\/2024\/04\/IMG-20231222-WA0076.webp","contentUrl":"https:\/\/cssno-lppcevenol.fr\/wp-content\/uploads\/2024\/04\/IMG-20231222-WA0076.webp","width":602,"height":602},{"@type":"BreadcrumbList","@id":"https:\/\/cssno-lppcevenol.fr\/?page_id=438#breadcrumb","itemListElement":[{"@type":"ListItem","position":1,"name":"Accueil","item":"https:\/\/cssno-lppcevenol.fr\/"},{"@type":"ListItem","position":2,"name":"L&rsquo;\u00e9quipe P\u00e9dagogique"}]},{"@type":"WebSite","@id":"https:\/\/cssno-lppcevenol.fr\/#website","url":"https:\/\/cssno-lppcevenol.fr\/","name":"Certificat de Sp\u00e9cialisation Services Num\u00e9riques aux Organisations","description":"","publisher":{"@id":"https:\/\/cssno-lppcevenol.fr\/#organization"},"potentialAction":[{"@type":"SearchAction","target":{"@type":"EntryPoint","urlTemplate":"https:\/\/cssno-lppcevenol.fr\/?s={search_term_string}"},"query-input":"required name=search_term_string"}],"inLanguage":"fr-FR"},{"@type":"Organization","@id":"https:\/\/cssno-lppcevenol.fr\/#organization","name":"Certificat de Sp\u00e9cialisation Services Num\u00e9riques aux Organisations","url":"https:\/\/cssno-lppcevenol.fr\/","logo":{"@type":"ImageObject","inLanguage":"fr-FR","@id":"https:\/\/cssno-lppcevenol.fr\/#\/schema\/logo\/image\/","url":"https:\/\/cssno-lppcevenol.fr\/wp-content\/uploads\/2024\/03\/380486491_122109115352036788_9032204069023199962_need.png","contentUrl":"https:\/\/cssno-lppcevenol.fr\/wp-content\/uploads\/2024\/03\/380486491_122109115352036788_9032204069023199962_need.png","width":364,"height":375,"caption":"Certificat de Sp\u00e9cialisation Services Num\u00e9riques aux Organisations"},"image":{"@id":"https:\/\/cssno-lppcevenol.fr\/#\/schema\/logo\/image\/"},"sameAs":["https:\/\/www.facebook.com\/profile.php?id=61551103654804"]}]}},"_links":{"self":[{"href":"https:\/\/cssno-lppcevenol.fr\/index.php?rest_route=\/wp\/v2\/pages\/438","targetHints":{"allow":["GET"]}}],"collection":[{"href":"https:\/\/cssno-lppcevenol.fr\/index.php?rest_route=\/wp\/v2\/pages"}],"about":[{"href":"https:\/\/cssno-lppcevenol.fr\/index.php?rest_route=\/wp\/v2\/types\/page"}],"author":[{"embeddable":true,"href":"https:\/\/cssno-lppcevenol.fr\/index.php?rest_route=\/wp\/v2\/users\/5"}],"replies":[{"embeddable":true,"href":"https:\/\/cssno-lppcevenol.fr\/index.php?rest_route=%2Fwp%2Fv2%2Fcomments&post=438"}],"version-history":[{"count":40,"href":"https:\/\/cssno-lppcevenol.fr\/index.php?rest_route=\/wp\/v2\/pages\/438\/revisions"}],"predecessor-version":[{"id":747,"href":"https:\/\/cssno-lppcevenol.fr\/index.php?rest_route=\/wp\/v2\/pages\/438\/revisions\/747"}],"wp:attachment":[{"href":"https:\/\/cssno-lppcevenol.fr\/index.php?rest_route=%2Fwp%2Fv2%2Fmedia&parent=438"}],"curies":[{"name":"wp","href":"https:\/\/api.w.org\/{rel}","templated":true}]}}